{"id":2281,"date":"2011-01-01T14:00:36","date_gmt":"2011-01-01T12:00:36","guid":{"rendered":"http:\/\/www.presidentofgalaxy.com\/"},"modified":"2011-04-10T17:21:24","modified_gmt":"2011-04-10T15:21:24","slug":"skriv-fr-pog","status":"publish","type":"page","link":"https:\/\/www.presidentofgalaxy.com\/en\/write-fr-pog\/","title":{"rendered":"Write for PoG"},"content":{"rendered":"<p><strong>Want to write for President of Galaxy?<a href=\"http:\/\/media.presidentofgalaxy.com\/2011\/01\/Untitled-1.png\"><img fetchpriority=\"high\" decoding=\"async\" class=\"alignright size-medium wp-image-2686\" style=\"margin-left: 10px; margin-right: 10px;\" title=\"United Federation of Planets\" src=\"http:\/\/media.presidentofgalaxy.com\/2011\/01\/Untitled-1-300x224.png\" alt=\"\" width=\"300\" height=\"224\" srcset=\"https:\/\/www.presidentofgalaxy.com\/wp-content\/uploads\/2011\/01\/Untitled-1-300x224.png 300w, https:\/\/www.presidentofgalaxy.com\/wp-content\/uploads\/2011\/01\/Untitled-1-150x112.png 150w, https:\/\/www.presidentofgalaxy.com\/wp-content\/uploads\/2011\/01\/Untitled-1.png 407w\" sizes=\"(max-width: 300px) 100vw, 300px\" \/><\/a><\/strong><br \/>\nWe are looking for several interested employees who can help us find interesting news for the President of Galaxy.<\/p>\n<p><strong>Description:<\/strong><br \/>\nBased on the President of Galaxy&#039;s profile, you should be able to write interesting articles. If you want to write in-depth articles on subjects you have knowledge of or have a great interest in, that is a plus, but not a requirement.<\/p>\n<p>We use the publishing tool WordPress and if you have knowledge of how it works, that is also a plus.<\/p>\n<p>If you feel that this would be something for you and that you fulfill our wishes, you are welcome to send an email to daniel_e_larsson@yahoo.com and tell us a little about yourself and your skills.<br \/>\nPresident of Galaxy is run entirely on a non-profit basis, so no compensation of any kind is possible.<\/p>\n<p>President of Galaxy, editor<\/p>","protected":false},"excerpt":{"rendered":"<p>Vill du skriva f\u00f6r President of Galaxy? Vi s\u00f6ker flera intresserade medarbetare som kan hj\u00e4lpa oss att hitta intressanta nyheter f\u00f6r President of Galaxy. Beskrivning: Med utg\u00e5ngspunkt fr\u00e5n President of Galaxys profil skall du kunna skriva intressanta artiklar. Vill du skriva f\u00f6rdjupningsartiklar om \u00e4mnen du har kunskap om eller hyser stort intresse f\u00f6r \u00e4r det<\/p>","protected":false},"author":38,"featured_media":2686,"parent":0,"menu_order":0,"comment_status":"closed","ping_status":"open","template":"","meta":{"_eb_attr":"","footnotes":""},"class_list":["post-2281","page","type-page","status-publish","has-post-thumbnail"],"_links":{"self":[{"href":"https:\/\/www.presidentofgalaxy.com\/en\/wp-json\/wp\/v2\/pages\/2281","targetHints":{"allow":["GET"]}}],"collection":[{"href":"https:\/\/www.presidentofgalaxy.com\/en\/wp-json\/wp\/v2\/pages"}],"about":[{"href":"https:\/\/www.presidentofgalaxy.com\/en\/wp-json\/wp\/v2\/types\/page"}],"author":[{"embeddable":true,"href":"https:\/\/www.presidentofgalaxy.com\/en\/wp-json\/wp\/v2\/users\/38"}],"replies":[{"embeddable":true,"href":"https:\/\/www.presidentofgalaxy.com\/en\/wp-json\/wp\/v2\/comments?post=2281"}],"version-history":[{"count":0,"href":"https:\/\/www.presidentofgalaxy.com\/en\/wp-json\/wp\/v2\/pages\/2281\/revisions"}],"wp:featuredmedia":[{"embeddable":true,"href":"https:\/\/www.presidentofgalaxy.com\/en\/wp-json\/wp\/v2\/media\/2686"}],"wp:attachment":[{"href":"https:\/\/www.presidentofgalaxy.com\/en\/wp-json\/wp\/v2\/media?parent=2281"}],"curies":[{"name":"wp","href":"https:\/\/api.w.org\/{rel}","templated":true}]}}